{"id":1923,"date":"2025-10-23T21:24:07","date_gmt":"2025-10-23T18:24:07","guid":{"rendered":"https:\/\/vadstudio.md\/?post_type=product&#038;p=1923"},"modified":"2026-01-16T18:43:42","modified_gmt":"2026-01-16T16:43:42","slug":"pachet-seo-standart","status":"publish","type":"product","link":"https:\/\/vadstudio.md\/ro\/market\/pachet-seo-standart\/","title":{"rendered":"Pachet SEO Base*"},"content":{"rendered":"<ul>\n<li><strong>Audit Personal \u0219i Obiectivele Clientului:<\/strong> cercet\u0103m dinamica existent\u0103, concuren\u021ba \u0219i elabor\u0103m o strategie individual\u0103.<\/li>\n<li><strong>Audit Tehnic al Site-ului \u0219i SEO:<\/strong> verificarea index\u0103rii, vitezei de \u00eenc\u0103rcare, adaptabilit\u0103\u021bii, HTTPS \u0219i a altor factori care influen\u021beaz\u0103 clasarea (ranking-ul).<\/li>\n<li><strong>Elaborarea Nucleului Semantic:<\/strong> selectarea interog\u0103rilor relevante pentru audien\u021ba \u021bint\u0103 (\u00een Moldova).<\/li>\n<li><strong>Crearea \u0219i Optimizarea Con\u021binutului:<\/strong> pentru pagina principal\u0103 \u0219i paginile cheie ale site-ului, \u021bin\u00e2nd cont de interog\u0103rile de c\u0103utare \u0219i structura con\u021binutului.<\/li>\n<li><strong>Link Building de Baz\u0103:<\/strong> \u00eenregistrarea site-ului \u00een directoarele de afaceri locale \u0219i ob\u021binerea c\u00e2torva link-uri de calitate.<\/li>\n<li><strong>Raport Lunar Google Search Console:<\/strong> analiza pozi\u021biilor, a traficului organic \u0219i propuneri de \u00eembun\u0103t\u0103\u021bire.<\/li>\n<\/ul>\n","protected":false},"excerpt":{"rendered":"<p>Pachetul <strong>SEO Base<\/strong>\u00a0se potrive\u0219te site-urilor mici \u0219i startup-urilor.<\/p>\n<p><strong>Timp de consultan\u021b\u0103 &#8211; 1 or\u0103; r\u0103spunsuri \u00een scris (mesager), sesiune video lunar\u0103 (raport video).<\/strong><\/p>\n<p><strong>Obiectiv:<\/strong> consolidarea pozi\u021bion\u0103rii site-ului \u00een motoarele de c\u0103utare \u0219i punerea bazelor pentru cre\u0219terea SEO.<\/p>\n<p><strong>Rezultat:<\/strong> \u00eembun\u0103t\u0103\u021birea vizibilit\u0103\u021bii site-ului \u00een Google \u0219i primii indicatori de cre\u0219tere pentru interog\u0103rile cheie.<\/p>\n<p><strong>*ATEN\u021aIE!<\/strong> Contractul se \u00eencheie pentru <strong>minimum<\/strong> 6 luni.<\/p>\n","protected":false},"featured_media":1929,"template":"","meta":{"_acf_changed":false},"product_brand":[],"product_cat":[],"product_tag":[599,633,657,574,578,613,623,617,615,643,651,637,581,625,583,587,661,609],"class_list":{"0":"post-1923","1":"product","2":"type-product","3":"status-publish","4":"has-post-thumbnail","6":"product_tag-adaptabilitate","7":"product_tag-audit-personal","8":"product_tag-cresterea-traficului","9":"product_tag-google-ro","10":"product_tag-https-ro","11":"product_tag-indexare","12":"product_tag-linkbuilding-ro","13":"product_tag-linkuri-de-calitate","14":"product_tag-marketing-pe-internet","15":"product_tag-promovarea-website","16":"product_tag-ranking","17":"product_tag-search-engine-optimization-ro","18":"product_tag-seo-ro","19":"product_tag-seo-local","20":"product_tag-seo-moldova-ro","21":"product_tag-texte-seo","22":"product_tag-viteza-de-incarcare","23":"product_tag-vizibilitatea-site-ului-web","25":"first","26":"instock","27":"shipping-taxable","28":"purchasable","29":"product-type-simple"},"acf":[],"aioseo_notices":[],"_links":{"self":[{"href":"https:\/\/vadstudio.md\/ro\/wp-json\/wp\/v2\/product\/1923","targetHints":{"allow":["GET"]}}],"collection":[{"href":"https:\/\/vadstudio.md\/ro\/wp-json\/wp\/v2\/product"}],"about":[{"href":"https:\/\/vadstudio.md\/ro\/wp-json\/wp\/v2\/types\/product"}],"wp:featuredmedia":[{"embeddable":true,"href":"https:\/\/vadstudio.md\/ro\/wp-json\/wp\/v2\/media\/1929"}],"wp:attachment":[{"href":"https:\/\/vadstudio.md\/ro\/wp-json\/wp\/v2\/media?parent=1923"}],"wp:term":[{"taxonomy":"product_brand","embeddable":true,"href":"https:\/\/vadstudio.md\/ro\/wp-json\/wp\/v2\/product_brand?post=1923"},{"taxonomy":"product_cat","embeddable":true,"href":"https:\/\/vadstudio.md\/ro\/wp-json\/wp\/v2\/product_cat?post=1923"},{"taxonomy":"product_tag","embeddable":true,"href":"https:\/\/vadstudio.md\/ro\/wp-json\/wp\/v2\/product_tag?post=1923"}],"curies":[{"name":"wp","href":"https:\/\/api.w.org\/{rel}","templated":true}]}}