{"id":1934,"date":"2025-10-24T09:27:15","date_gmt":"2025-10-24T06:27:15","guid":{"rendered":"https:\/\/vadstudio.md\/?post_type=product&#038;p=1934"},"modified":"2026-01-16T17:09:06","modified_gmt":"2026-01-16T15:09:06","slug":"abonament-startup-support","status":"publish","type":"product","link":"https:\/\/vadstudio.md\/ro\/market\/abonament-startup-support\/","title":{"rendered":"Abonament Startup Support"},"content":{"rendered":"<ul>\n<li><strong>Suport Consultativ:<\/strong> R\u0103spunsuri la \u00eentreb\u0103rile dumneavoastr\u0103 \u0219i recomand\u0103ri tehnice.<\/li>\n<li><strong>Audit Tehnic de Baz\u0103:<\/strong> Verificarea func\u021bionalit\u0103\u021bii site-ului \u0219i identificarea erorilor critice.<\/li>\n<li><strong>Audit SEO Tehnic al Site-ului:<\/strong> Verificare complex\u0103 a tuturor aspectelor tehnice ale resursei, inclusiv identificarea punctelor de cre\u0219tere \u0219i oferirea de recomand\u0103ri din partea speciali\u0219tilor no\u0219tri.<\/li>\n<li><strong>Colectarea \u0219i Optimizarea Nucleului Semantic:<\/strong> Selectarea cuvintelor cheie relevante pentru tematica site-ului, analiza concuren\u021bilor \u0219i prioritizarea interog\u0103rilor.<\/li>\n<li><strong>Copiere de Rezerv\u0103 (Backup):<\/strong> Cre\u0103m backup-uri regulate pe servere, astfel \u00eenc\u00e2t s\u0103 pute\u021bi restaura site-ul \u00een cazul unor defec\u021biuni. *<\/li>\n<\/ul>\n<p>*<strong>ATEN\u021aIE!<\/strong> Acest serviciu este disponibil doar pentru site-urile g\u0103zduite pe serverele VADSTUDIO.<\/p>\n<ul>\n<li><strong>Men\u021binerea Func\u021bionalit\u0103\u021bii Resursei:<\/strong> Asigur\u0103m func\u021bionarea stabil\u0103 a site-ului dumneavoastr\u0103. *<\/li>\n<\/ul>\n<p>*<strong>ATEN\u021aIE!<\/strong> Acest serviciu este disponibil doar pentru site-urile g\u0103zduite pe serverele VADSTUDIO.<\/p>\n<ul>\n<li><strong>Monitorizare Disponibilitate 24\/7:<\/strong> Controlul automat ne notific\u0103 instantaneu dac\u0103 site-ul devine indisponibil.<\/li>\n<li><strong>Analitic\u0103 Lunar\u0103 de Baz\u0103 \u0219i Google Search Console:<\/strong> Raport privind indicatorii cheie de performan\u021b\u0103 ai site-ului.<\/li>\n<\/ul>\n","protected":false},"excerpt":{"rendered":"<p>Abonamentul <strong>Startup Support<\/strong> se potrive\u0219te pentru proiecte mici, site-uri de prezentare (site-uri-vizit\u0103), site-uri corporative, unde este important\u0103 stabilitatea, dar nu este necesar\u0103 modificarea \u0219i actualizarea frecvent\u0103. Acesta este &#8220;Ajutor urgent&#8221; \u00een situa\u021bii neprev\u0103zute.<\/p>\n<p><strong>Volum de lucru \u2013 4 ore\/lun\u0103; suport consultativ \u2013 1 or\u0103\/lun\u0103.<\/strong><\/p>\n<p>Aceasta este solu\u021bia ideal\u0103 dac\u0103 dori\u021bi ca site-ul dumneavoastr\u0103 s\u0103 func\u021bioneze f\u0103r\u0103 defec\u021biuni. El asigur\u0103 un set de servicii de baz\u0103, dar suficient, pentru men\u021binerea stabilit\u0103\u021bii \u0219i securit\u0103\u021bii resursei dumneavoastr\u0103.<\/p>\n","protected":false},"featured_media":1895,"template":"","meta":{"_acf_changed":false},"product_brand":[],"product_cat":[],"product_tag":[597,635,667,607,629,603,663,591,655],"class_list":{"0":"post-1934","1":"product","2":"type-product","3":"status-publish","4":"has-post-thumbnail","6":"product_tag-abonament-startup-support","7":"product_tag-asistenta-pentru-site-uri-web","8":"product_tag-audit-tehnic","9":"product_tag-copie-de-rezerva","10":"product_tag-intretinerea-site-ului-web","11":"product_tag-seo-de-baza","12":"product_tag-stabilitatea-site-ului-web","13":"product_tag-vadstudio-ro","14":"product_tag-copie-de-rezerva-ro","16":"first","17":"instock","18":"shipping-taxable","19":"purchasable","20":"product-type-simple"},"acf":[],"aioseo_notices":[],"_links":{"self":[{"href":"https:\/\/vadstudio.md\/ro\/wp-json\/wp\/v2\/product\/1934","targetHints":{"allow":["GET"]}}],"collection":[{"href":"https:\/\/vadstudio.md\/ro\/wp-json\/wp\/v2\/product"}],"about":[{"href":"https:\/\/vadstudio.md\/ro\/wp-json\/wp\/v2\/types\/product"}],"wp:featuredmedia":[{"embeddable":true,"href":"https:\/\/vadstudio.md\/ro\/wp-json\/wp\/v2\/media\/1895"}],"wp:attachment":[{"href":"https:\/\/vadstudio.md\/ro\/wp-json\/wp\/v2\/media?parent=1934"}],"wp:term":[{"taxonomy":"product_brand","embeddable":true,"href":"https:\/\/vadstudio.md\/ro\/wp-json\/wp\/v2\/product_brand?post=1934"},{"taxonomy":"product_cat","embeddable":true,"href":"https:\/\/vadstudio.md\/ro\/wp-json\/wp\/v2\/product_cat?post=1934"},{"taxonomy":"product_tag","embeddable":true,"href":"https:\/\/vadstudio.md\/ro\/wp-json\/wp\/v2\/product_tag?post=1934"}],"curies":[{"name":"wp","href":"https:\/\/api.w.org\/{rel}","templated":true}]}}